{"id":242,"date":"2016-06-08T07:12:01","date_gmt":"2016-06-08T07:12:01","guid":{"rendered":"https:\/\/demo.accesspressthemes.com\/enlighten\/?page_id=242"},"modified":"2020-10-06T15:33:44","modified_gmt":"2020-10-06T18:33:44","slug":"contact-us","status":"publish","type":"page","link":"https:\/\/www.cardiocentrochillan.cl\/index.php\/contact-us\/","title":{"rendered":"Contacto"},"content":{"rendered":"<div class=\"contact-map-wrap\"><span style=\"color: inherit; font-family: 'Titillium Web'; font-size: 1.56em; font-weight: 600;\">Direcci\u00f3n<\/span><\/div>\n<div class=\"contact-info-wrap\">\n<ul id=\"contact-info\">\n<li><i class=\"icon-home\"><\/i>Avenida Argentina 662, Chill\u00e1n<\/li>\n<li><i class=\"icon-phone\"><\/i>+56 42 223 3345<\/li>\n<li><i class=\" icon-email\"><\/i> <a href=\"resultados@cardiocentrochillan.cl\">resultados@cardiocentrochillan.cl<\/a><\/li>\n<\/ul>\n<hr>\n<div role=\"form\" class=\"wpcf7\" id=\"wpcf7-f578-o1\" lang=\"es-CL\" dir=\"ltr\">\n<div class=\"screen-reader-response\" role=\"alert\" aria-live=\"polite\"><\/div>\n<form action=\"\/index.php\/wp-json\/wp\/v2\/pages\/242#wpcf7-f578-o1\" method=\"post\" class=\"wpcf7-form init\" novalidate=\"novalidate\">\n<div style=\"display: none;\">\n<input type=\"hidden\" name=\"_wpcf7\" value=\"578\" \/>\n<input type=\"hidden\" name=\"_wpcf7_version\" value=\"5.2.2\" \/>\n<input type=\"hidden\" name=\"_wpcf7_locale\" value=\"es_CL\" \/>\n<input type=\"hidden\" name=\"_wpcf7_unit_tag\" value=\"wpcf7-f578-o1\" \/>\n<input type=\"hidden\" name=\"_wpcf7_container_post\" value=\"0\" \/>\n<input type=\"hidden\" name=\"_wpcf7_posted_data_hash\" value=\"\" \/>\n<\/div>\n<p><label> Tu Nombre (requerido)<br \/>\n    <span class=\"wpcf7-form-control-wrap your-name\"><input type=\"text\" name=\"your-name\" value=\"\" size=\"40\" class=\"wpcf7-form-control wpcf7-text wpcf7-validates-as-required\" aria-required=\"true\" aria-invalid=\"false\" \/><\/span> <\/label><\/p>\n<p><label> Tu Correo (requerido)<br \/>\n    <span class=\"wpcf7-form-control-wrap your-email\"><input type=\"email\" name=\"your-email\" value=\"\" size=\"40\" class=\"wpcf7-form-control wpcf7-text wpcf7-email wpcf7-validates-as-required wpcf7-validates-as-email\" aria-required=\"true\" aria-invalid=\"false\" \/><\/span> <\/label><\/p>\n<p><label> Asunto<br \/>\n    <span class=\"wpcf7-form-control-wrap your-subject\"><input type=\"text\" name=\"your-subject\" value=\"\" size=\"40\" class=\"wpcf7-form-control wpcf7-text\" aria-invalid=\"false\" \/><\/span> <\/label><\/p>\n<p><label> Tu Mensaje<br \/>\n    <span class=\"wpcf7-form-control-wrap your-message\"><textarea name=\"your-message\" cols=\"40\" rows=\"10\" class=\"wpcf7-form-control wpcf7-textarea\" aria-invalid=\"false\"><\/textarea><\/span> <\/label><\/p>\n<p><input type=\"submit\" value=\"Enviar\" class=\"wpcf7-form-control wpcf7-submit\" \/><\/p>\n<div class=\"wpcf7-response-output\" role=\"alert\" aria-hidden=\"true\"><\/div><\/form><\/div>\n<h3>S\u00edguenos en<\/h3>\n<ul id=\"follow_us_contacts\">\n<li><a href=\"https:\/\/www.facebook.com\/cardiocentrochillan\"><i class=\"icon-facebook\"><\/i>Facebook<\/a><\/li>\n<\/ul>\n<\/div>\n","protected":false},"excerpt":{"rendered":"<p>Direcci\u00f3n Avenida Argentina 662, Chill\u00e1n +56 42 223 3345 resultados@cardiocentrochillan.cl S\u00edguenos en Facebook<\/p>\n","protected":false},"author":1,"featured_media":0,"parent":0,"menu_order":0,"comment_status":"closed","ping_status":"closed","template":"","meta":[],"_links":{"self":[{"href":"https:\/\/www.cardiocentrochillan.cl\/index.php\/wp-json\/wp\/v2\/pages\/242"}],"collection":[{"href":"https:\/\/www.cardiocentrochillan.cl\/index.php\/wp-json\/wp\/v2\/pages"}],"about":[{"href":"https:\/\/www.cardiocentrochillan.cl\/index.php\/wp-json\/wp\/v2\/types\/page"}],"author":[{"embeddable":true,"href":"https:\/\/www.cardiocentrochillan.cl\/index.php\/wp-json\/wp\/v2\/users\/1"}],"replies":[{"embeddable":true,"href":"https:\/\/www.cardiocentrochillan.cl\/index.php\/wp-json\/wp\/v2\/comments?post=242"}],"version-history":[{"count":3,"href":"https:\/\/www.cardiocentrochillan.cl\/index.php\/wp-json\/wp\/v2\/pages\/242\/revisions"}],"predecessor-version":[{"id":581,"href":"https:\/\/www.cardiocentrochillan.cl\/index.php\/wp-json\/wp\/v2\/pages\/242\/revisions\/581"}],"wp:attachment":[{"href":"https:\/\/www.cardiocentrochillan.cl\/index.php\/wp-json\/wp\/v2\/media?parent=242"}],"curies":[{"name":"wp","href":"https:\/\/api.w.org\/{rel}","templated":true}]}}